{"id":111,"date":"2021-10-07T12:42:21","date_gmt":"2021-10-07T12:42:21","guid":{"rendered":"https:\/\/drdevenyi.hu\/?page_id=111"},"modified":"2023-02-24T19:48:30","modified_gmt":"2023-02-24T19:48:30","slug":"allasajanlatok","status":"publish","type":"page","link":"https:\/\/drdevenyi.hu\/de\/allasajanlatok\/","title":{"rendered":"\u00c1ll\u00e1saj\u00e1nlatok"},"content":{"rendered":"<p class=\"qtranxs-available-languages-message qtranxs-available-languages-message-de\">Leider ist der Eintrag nur auf <a href=\"https:\/\/drdevenyi.hu\/hu\/wp-json\/wp\/v2\/pages\/111\" class=\"qtranxs-available-language-link qtranxs-available-language-link-hu\" title=\"Magyar\">Magyar<\/a> verf\u00fcgbar.<\/p>","protected":false},"excerpt":{"rendered":"<p>Leider ist der Eintrag nur auf Magyar verf\u00fcgbar.<\/p>\n","protected":false},"author":1,"featured_media":0,"parent":0,"menu_order":0,"comment_status":"closed","ping_status":"closed","template":"","meta":{"footnotes":""},"class_list":["post-111","page","type-page","status-publish","hentry"],"_links":{"self":[{"href":"https:\/\/drdevenyi.hu\/de\/wp-json\/wp\/v2\/pages\/111","targetHints":{"allow":["GET"]}}],"collection":[{"href":"https:\/\/drdevenyi.hu\/de\/wp-json\/wp\/v2\/pages"}],"about":[{"href":"https:\/\/drdevenyi.hu\/de\/wp-json\/wp\/v2\/types\/page"}],"author":[{"embeddable":true,"href":"https:\/\/drdevenyi.hu\/de\/wp-json\/wp\/v2\/users\/1"}],"replies":[{"embeddable":true,"href":"https:\/\/drdevenyi.hu\/de\/wp-json\/wp\/v2\/comments?post=111"}],"version-history":[{"count":4,"href":"https:\/\/drdevenyi.hu\/de\/wp-json\/wp\/v2\/pages\/111\/revisions"}],"predecessor-version":[{"id":144,"href":"https:\/\/drdevenyi.hu\/de\/wp-json\/wp\/v2\/pages\/111\/revisions\/144"}],"wp:attachment":[{"href":"https:\/\/drdevenyi.hu\/de\/wp-json\/wp\/v2\/media?parent=111"}],"curies":[{"name":"wp","href":"https:\/\/api.w.org\/{rel}","templated":true}]}}